{"id":16,"date":"2020-08-03T04:20:23","date_gmt":"2020-08-03T04:20:23","guid":{"rendered":"https:\/\/igua.ca\/?page_id=16"},"modified":"2023-02-22T02:53:16","modified_gmt":"2023-02-22T07:53:16","slug":"information-and-training","status":"publish","type":"page","link":"https:\/\/igua.ca\/fr\/information-and-training\/","title":{"rendered":"Communication et formation"},"content":{"rendered":"<h1>SE TENIR INFORM\u00c9S DES PROC\u00c9DURES ET DES POLITIQUES DE R\u00c9GLEMENTATION DU GAZ NATUREL<\/h1>\r\n<p>&nbsp;<\/p>\r\n<p>At Industrial Gas Users Association, our experts provide timely information for a successful procurement strategy. We offer members free access to seminars and webinars. We assist our members with targeted training programs.<\/p>\r\n<h2>GASSENTIALS ET INFORMATION<\/h2>\r\n<p>IGUA monitors, distills, and informs members on relevant regulatory and policy developments that impact the landed cost of natural gas. Twice a month, IGUA&#8217;s information bulletin Gassentials provides timely information on regulatory proceedings and policy activities allowing members to anticipate changes and make informed decisions.<\/p>\r\n<h2>S\u00c9MINAIRE, WEBINAIRES ET R\u00c9UNIONS<\/h2>\r\n<p>Le s\u00e9minaire annuel, qui se tient au printemps et qui est gratuit pour les membres, explore les principaux d\u00e9veloppements qui ont un impact sur l'approvisionnement en gaz naturel, les infrastructures et les march\u00e9s du gaz naturel. Le s\u00e9minaire offre \u00e9galement aux membres un forum de dialogue avec les dirigeants de services publics, les responsables de la commercialisation de l'\u00e9nergie, les organismes de r\u00e9glementation et les d\u00e9cideurs politiques. La participation se fait sur invitation uniquement et le programme est adapt\u00e9 aux besoins des grands consommateurs de gaz naturel.<\/p>\r\n<p>Les webinaires et les ateliers ad hoc, r\u00e9serv\u00e9s aux membres, explorent un sujet d'int\u00e9r\u00eat particulier pour les membres avec des experts et des intervenants externes. Les r\u00e9unions trimestrielles des caucus permettent un \u00e9change d\u00e9taill\u00e9 entre les membres, l'\u00e9quipe de l'ACIG et les conseillers en mati\u00e8re de r\u00e9glementation.<\/p>\r\n<h2>FORMATION<\/h2>\r\n<p>IGUA offers a series of customized training programs in the intricacies of the natural gas industry regulation, regulatory proceedings, and commercial aspects. Gas 101 provides information on the fundamental of natural gas markets. Gas 201 takes a deeper dive into market dynamics and offers insights into basis differentials for large gas purchases and risk management tools. offers an understanding of the dynamic nature of the Mainline, the interaction with upstream and downstream systems, and potential for impacts on reliability and pricing.<\/p>\r\n<p><a role=\"button\" href=\"\/fr\/contact\/\" target=\"_self\" rel=\"noopener\" aria-label=\"Nous contacter\"> Nous contacter <\/a><\/p>\r\n<h2>T\u00c9MOIGNAGE<\/h2>\r\n<p><img decoding=\"async\" title=\"Industrial Gas Users Association | l'Association Des Consommateurs Industriels De Gaz\" src=\"https:\/\/igua.ca\/wp-content\/uploads\/2020\/08\/ts.png\" alt=\"Industrial Gas Users Association | l'Association Des Consommateurs Industriels De Gaz\" class=\"no-lazyload\" \/><\/p>\r\n<p>&#8220;Not only did I rely on IGUA to watch out for our interests in everything regulatory, I learned a lot on how I approached our business relationships with distribution and pipeline suppliers and overall help educate myself and my company on the natural gas industry.&#8221;<\/p>\r\n<p>&#8211; John Creighton, Director of Business Development, Greenfield Global Inc.<\/p>","protected":false},"excerpt":{"rendered":"<p>STAY UP-TO-DATE WITH NATURAL GAS REGULATORY PROCEEDINGS AND POLICIES &nbsp; At Industrial Gas Users Association, our experts provide timely information for a successful procurement strategy. We offer members free access&hellip;<\/p>","protected":false},"author":1,"featured_media":0,"parent":0,"menu_order":0,"comment_status":"closed","ping_status":"closed","template":"","meta":{"_coblocks_attr":"","_coblocks_dimensions":"","_coblocks_responsive_height":"","_coblocks_accordion_ie_support":"","pmpro_default_level":"","_price":"","_stock":"","_tribe_ticket_header":"","_tribe_default_ticket_provider":"","_tribe_ticket_capacity":"0","_ticket_start_date":"","_ticket_end_date":"","_tribe_ticket_show_description":"","_tribe_ticket_show_not_going":false,"_tribe_ticket_use_global_stock":"","_tribe_ticket_global_stock_level":"","_global_stock_mode":"","_global_stock_cap":"","_tribe_rsvp_for_event":"","_tribe_ticket_going_count":"","_tribe_ticket_not_going_count":"","_tribe_tickets_list":"[]","_tribe_ticket_has_attendee_info_fields":false,"footnotes":"","_tec_slr_enabled":"","_tec_slr_layout":""},"class_list":["post-16","page","type-page","status-publish","hentry","pmpro-has-access"],"yoast_head":"<!-- This site is optimized with the Yoast SEO plugin v27.6 - https:\/\/yoast.com\/product\/yoast-seo-wordpress\/ -->\n<title>Regulatory Proceedings - Industrial Gas User Association<\/title>\n<meta name=\"description\" content=\"Visit the page of Industrial Gas Users Association to stay updated with our regulatory proceedings and training. Visit today.\" \/>\n<meta name=\"robots\" content=\"index, follow, max-snippet:-1, max-image-preview:large, max-video-preview:-1\" \/>\n<link rel=\"canonical\" href=\"https:\/\/igua.ca\/fr\/information-and-training\/\" \/>\n<meta property=\"og:locale\" content=\"fr_FR\" \/>\n<meta property=\"og:type\" content=\"article\" \/>\n<meta property=\"og:title\" content=\"Regulatory Proceedings - Industrial Gas User Association\" \/>\n<meta property=\"og:description\" content=\"Visit the page of Industrial Gas Users Association to stay updated with our regulatory proceedings and training. Visit today.\" \/>\n<meta property=\"og:url\" content=\"https:\/\/igua.ca\/fr\/information-and-training\/\" \/>\n<meta property=\"og:site_name\" content=\"Industrial Gas Users Association | l\u2019Association Des Consommateurs Industriels De Gaz\" \/>\n<meta property=\"article:modified_time\" content=\"2023-02-22T07:53:16+00:00\" \/>\n<meta property=\"og:image\" content=\"https:\/\/igua.ca\/wp-content\/uploads\/2020\/08\/ts.png\" \/>\n<meta name=\"twitter:card\" content=\"summary_large_image\" \/>\n<meta name=\"twitter:label1\" content=\"Dur\u00e9e de lecture estim\u00e9e\" \/>\n\t<meta name=\"twitter:data1\" content=\"2 minutes\" \/>\n<script type=\"application\/ld+json\" class=\"yoast-schema-graph\">{\"@context\":\"https:\\\/\\\/schema.org\",\"@graph\":[{\"@type\":\"WebPage\",\"@id\":\"https:\\\/\\\/igua.ca\\\/information-and-training\\\/\",\"url\":\"https:\\\/\\\/igua.ca\\\/information-and-training\\\/\",\"name\":\"Regulatory Proceedings - Industrial Gas User Association\",\"isPartOf\":{\"@id\":\"https:\\\/\\\/igua.ca\\\/#website\"},\"primaryImageOfPage\":{\"@id\":\"https:\\\/\\\/igua.ca\\\/information-and-training\\\/#primaryimage\"},\"image\":{\"@id\":\"https:\\\/\\\/igua.ca\\\/information-and-training\\\/#primaryimage\"},\"thumbnailUrl\":\"https:\\\/\\\/igua.ca\\\/wp-content\\\/uploads\\\/2020\\\/08\\\/ts.png\",\"datePublished\":\"2020-08-03T04:20:23+00:00\",\"dateModified\":\"2023-02-22T07:53:16+00:00\",\"description\":\"Visit the page of Industrial Gas Users Association to stay updated with our regulatory proceedings and training. Visit today.\",\"breadcrumb\":{\"@id\":\"https:\\\/\\\/igua.ca\\\/information-and-training\\\/#breadcrumb\"},\"inLanguage\":\"fr-FR\",\"potentialAction\":[{\"@type\":\"ReadAction\",\"target\":[\"https:\\\/\\\/igua.ca\\\/information-and-training\\\/\"]}]},{\"@type\":\"ImageObject\",\"inLanguage\":\"fr-FR\",\"@id\":\"https:\\\/\\\/igua.ca\\\/information-and-training\\\/#primaryimage\",\"url\":\"https:\\\/\\\/igua.ca\\\/wp-content\\\/uploads\\\/2020\\\/08\\\/ts.png\",\"contentUrl\":\"https:\\\/\\\/igua.ca\\\/wp-content\\\/uploads\\\/2020\\\/08\\\/ts.png\"},{\"@type\":\"BreadcrumbList\",\"@id\":\"https:\\\/\\\/igua.ca\\\/information-and-training\\\/#breadcrumb\",\"itemListElement\":[{\"@type\":\"ListItem\",\"position\":1,\"name\":\"Home\",\"item\":\"https:\\\/\\\/igua.ca\\\/\"},{\"@type\":\"ListItem\",\"position\":2,\"name\":\"Information and Training\"}]},{\"@type\":\"WebSite\",\"@id\":\"https:\\\/\\\/igua.ca\\\/#website\",\"url\":\"https:\\\/\\\/igua.ca\\\/\",\"name\":\"Industrial Gas Users Association | l\u2019Association Des Consommateurs Industriels De Gaz\",\"description\":\"\",\"potentialAction\":[{\"@type\":\"SearchAction\",\"target\":{\"@type\":\"EntryPoint\",\"urlTemplate\":\"https:\\\/\\\/igua.ca\\\/?s={search_term_string}\"},\"query-input\":{\"@type\":\"PropertyValueSpecification\",\"valueRequired\":true,\"valueName\":\"search_term_string\"}}],\"inLanguage\":\"fr-FR\"}]}<\/script>\n<!-- \/ Yoast SEO plugin. -->","yoast_head_json":{"title":"Regulatory Proceedings - Industrial Gas User Association","description":"Visit the page of Industrial Gas Users Association to stay updated with our regulatory proceedings and training. Visit today.","robots":{"index":"index","follow":"follow","max-snippet":"max-snippet:-1","max-image-preview":"max-image-preview:large","max-video-preview":"max-video-preview:-1"},"canonical":"https:\/\/igua.ca\/fr\/information-and-training\/","og_locale":"fr_FR","og_type":"article","og_title":"Regulatory Proceedings - Industrial Gas User Association","og_description":"Visit the page of Industrial Gas Users Association to stay updated with our regulatory proceedings and training. Visit today.","og_url":"https:\/\/igua.ca\/fr\/information-and-training\/","og_site_name":"Industrial Gas Users Association | l\u2019Association Des Consommateurs Industriels De Gaz","article_modified_time":"2023-02-22T07:53:16+00:00","og_image":[{"url":"https:\/\/igua.ca\/wp-content\/uploads\/2020\/08\/ts.png","type":"","width":"","height":""}],"twitter_card":"summary_large_image","twitter_misc":{"Dur\u00e9e de lecture estim\u00e9e":"2 minutes"},"schema":{"@context":"https:\/\/schema.org","@graph":[{"@type":"WebPage","@id":"https:\/\/igua.ca\/information-and-training\/","url":"https:\/\/igua.ca\/information-and-training\/","name":"Regulatory Proceedings - Industrial Gas User Association","isPartOf":{"@id":"https:\/\/igua.ca\/#website"},"primaryImageOfPage":{"@id":"https:\/\/igua.ca\/information-and-training\/#primaryimage"},"image":{"@id":"https:\/\/igua.ca\/information-and-training\/#primaryimage"},"thumbnailUrl":"https:\/\/igua.ca\/wp-content\/uploads\/2020\/08\/ts.png","datePublished":"2020-08-03T04:20:23+00:00","dateModified":"2023-02-22T07:53:16+00:00","description":"Visit the page of Industrial Gas Users Association to stay updated with our regulatory proceedings and training. Visit today.","breadcrumb":{"@id":"https:\/\/igua.ca\/information-and-training\/#breadcrumb"},"inLanguage":"fr-FR","potentialAction":[{"@type":"ReadAction","target":["https:\/\/igua.ca\/information-and-training\/"]}]},{"@type":"ImageObject","inLanguage":"fr-FR","@id":"https:\/\/igua.ca\/information-and-training\/#primaryimage","url":"https:\/\/igua.ca\/wp-content\/uploads\/2020\/08\/ts.png","contentUrl":"https:\/\/igua.ca\/wp-content\/uploads\/2020\/08\/ts.png"},{"@type":"BreadcrumbList","@id":"https:\/\/igua.ca\/information-and-training\/#breadcrumb","itemListElement":[{"@type":"ListItem","position":1,"name":"Home","item":"https:\/\/igua.ca\/"},{"@type":"ListItem","position":2,"name":"Information and Training"}]},{"@type":"WebSite","@id":"https:\/\/igua.ca\/#website","url":"https:\/\/igua.ca\/","name":"Industrial Gas Users Association | l\u2019Association Des Consommateurs Industriels De Gaz","description":"","potentialAction":[{"@type":"SearchAction","target":{"@type":"EntryPoint","urlTemplate":"https:\/\/igua.ca\/?s={search_term_string}"},"query-input":{"@type":"PropertyValueSpecification","valueRequired":true,"valueName":"search_term_string"}}],"inLanguage":"fr-FR"}]}},"ticketed":false,"_links":{"self":[{"href":"https:\/\/igua.ca\/fr\/wp-json\/wp\/v2\/pages\/16","targetHints":{"allow":["GET"]}}],"collection":[{"href":"https:\/\/igua.ca\/fr\/wp-json\/wp\/v2\/pages"}],"about":[{"href":"https:\/\/igua.ca\/fr\/wp-json\/wp\/v2\/types\/page"}],"author":[{"embeddable":true,"href":"https:\/\/igua.ca\/fr\/wp-json\/wp\/v2\/users\/1"}],"replies":[{"embeddable":true,"href":"https:\/\/igua.ca\/fr\/wp-json\/wp\/v2\/comments?post=16"}],"version-history":[{"count":17,"href":"https:\/\/igua.ca\/fr\/wp-json\/wp\/v2\/pages\/16\/revisions"}],"predecessor-version":[{"id":1255,"href":"https:\/\/igua.ca\/fr\/wp-json\/wp\/v2\/pages\/16\/revisions\/1255"}],"wp:attachment":[{"href":"https:\/\/igua.ca\/fr\/wp-json\/wp\/v2\/media?parent=16"}],"curies":[{"name":"wp","href":"https:\/\/api.w.org\/{rel}","templated":true}]}}