{"id":14,"date":"2020-08-03T04:19:29","date_gmt":"2020-08-03T04:19:29","guid":{"rendered":"https:\/\/igua.ca\/?page_id=14"},"modified":"2025-12-11T12:42:12","modified_gmt":"2025-12-11T17:42:12","slug":"policy-advocacy","status":"publish","type":"page","link":"https:\/\/igua.ca\/fr\/policy-advocacy\/","title":{"rendered":"Repr\u00e9sentation en mati\u00e8re politique"},"content":{"rendered":"<h1>\n\t\t\tFAIRE VALOIR LA PERSPECTIVE DES GRANDS CONSOMMATEURS DANS LE DISCOURS SUR L\u2019\u00c9NERGIE ET LE CLIMAT \n\t\t<\/h1>\n\t\t\t<br \/>\n\t<p>L\u2019ACIG plaide aupr\u00e8s des gouvernements f\u00e9d\u00e9ral et provinciaux sur les enjeux politiques qui ont un impact sur l\u2019acc\u00e8s fiable au gaz naturel \u00e0 un prix comp\u00e9titif. Nos repr\u00e9sentations s\u2019appuient sur les r\u00e9sultats de recherches d\u2019experts.<\/p>\n<p>Nos interventions en mati\u00e8re de politique visent \u00e0 prot\u00e9ger la comp\u00e9titivit\u00e9 de la grande industrie et \u00e0 maintenir le co\u00fbt livr\u00e9 du gaz naturel \u00e0 un niveau raisonnable pour les membres. Les d\u00e9cideurs politiques sont plus r\u00e9ceptifs aux recommandations collectives qu\u2019aux demandes individuelles des entreprises. Nous amplifions et renfor\u00e7ons vos efforts pour d\u00e9fendre vos int\u00e9r\u00eats.<\/p>\n\t\t<h2>\n\t\t\tLES POINTS FORTS DE NOS REPR\u00c9SENTATIONS\n\t\t<\/h2>\n\t\t\t<br \/>\n\t<ul>\n\t\t\t<li>\n\t\t\t\t2022 &#8211; &#8220;IGUA Opportunities for Decarbonization of Canadian Heavy Industry&#8221; Dr. Chris Bataille and Seton Stiebert\n\t\t\t<\/li>\n\t\t\t<li>\n\t\t\t\t2021 &#8211; &#8220;Canada Carbon Pricing Market Analysis&#8221; M. Berends\n\t\t\t<\/li>\n\t\t\t<li>\n\t\t\t\t2020 &#8211; &#8220;Clean Fuel Standard Policy Analysis&#8221; ICF International\n\t\t\t<\/li>\n\t\t<\/ul>\n\t<ul>\n\t\t\t<li>\n\t\t\t\t2020 &#8211; &#8220;Clean Fuel Standard Policy Analysis&#8221; ICF International\n\t\t\t<\/li>\n\t\t<\/ul>\n\t<ul>\n\t\t\t<li>\n\t\t\t\t2019 &#8211; &#8220;Concilier environnement et \u00e9conomie dans un contexte d&#8217;\u00e9lectrification et de changements climatiques&#8221; IGUA\n\t\t\t<\/li>\n\t\t<\/ul>\n\t<ul>\n\t\t\t<li>\n\t\t\t\t2018 &#8211; &#8220;M\u00e9moire de l&#8217;ACIG : sur le gaz naturel renouvelable&#8221; IGUA\n\t\t\t<\/li>\n\t\t<\/ul>\n\t<ul>\n\t\t\t<li>\n\t\t\t\t2018 &#8211; &#8220;The transition toward very low carbon-heavy industry in the Canadian context: Detailed technical and policy analysis and recommendations for the iron &#038; steel, chemicals, forestry products &#038; packaging, and base metal mining &#038; processing sectors Phase II of the Canadian Heavy Industry Deep Decarbonization Project&#8221; Dr. Christopher Bataille et al\n\t\t\t<\/li>\n\t\t<\/ul>\n\t<ul>\n\t\t\t<li>\n\t\t\t\t2017 &#8211; &#8220;Heavy Industry decarbonization &#8211; Options, Opportunities, and Considerations&#8221; IGUA\n\t\t\t<\/li>\n\t\t<\/ul>\n\t<ul>\n\t\t\t<li>\n\t\t\t\t2016 &#8211; &#8220;The potential to decarbonize Canadian heavy industry: Technological and policy pathways for Canadian energy-intense industry to thrive in a low carbon world&#8221; Dr. Christopher Bataille et al\n\t\t\t<\/li>\n\t\t<\/ul>\n\t<ul>\n\t\t\t<li>\n\t\t\t\t2015 &#8211; &#8220;Cap-and-Trade Discussion Paper&#8221; ICF International\n\t\t\t<\/li>\n\t\t<\/ul>\n\t\t\t\t<img decoding=\"async\" src=\"https:\/\/igua.ca\/wp-content\/uploads\/2021\/08\/Environmental-Registry-of-Ontario-1.png\" alt=\"Environmental Registry of Ontario\" itemprop=\"image\" height=\"62\" width=\"250\" title=\"Registre environnemental de l&#039;Ontario\" onerror=\"this.style.display='none'\" class=\"no-lazyload\" \/>\n\t\t<h2>\n\t\t\tIGUA Submissions to the Ontario Government\n\t\t<\/h2>\n\t\t\t\t\t<a href=\"#\" id=\"fl-accordion--label-0\" tabindex=\"0\" aria-controls=\"fl-accordion--panel-0\">Cliquez-ici pour t\u00e9l\u00e9charger les PDFs<\/a>\n\t\t\t\t\t\t\t\t\t\t\t<a href=\"#\" id=\"fl-accordion--icon-0\" tabindex=\"0\" aria-controls=\"fl-accordion--panel-0\"><i>Expand<\/i><\/a>\n\t\t\t\t\t<p><a href=\"https:\/\/igua.ca\/wp-content\/uploads\/2025\/12\/IGUA-MNR-ERO-025-0895-CCS-9.26.25.pdf\">September 26, 2025 &#8211; Regulatory Proposal Under the Proposed Geological Storage Act (ERO # 025-0895)<\/a><\/p>\n<p><a href=\"https:\/\/igua.ca\/wp-content\/uploads\/2025\/12\/ER025-0394-IGUA-Submission-MECP-Amendment-FINAL-07.18.25.pdf\">July 16, 2025 &#8211; Expanding Criteria for Voluntary Participants to Exit the Emissions Performance Standards (EPS) Program (EOR # 025-0394)<\/a><\/p>\n<p><a href=\"https:\/\/igua.ca\/wp-content\/uploads\/2025\/07\/ERO-019-9501-IGUA-Submission-Role-of-Natural-Gas-FINAL-01.16.25.pdf\">January 16, 2025 &#8211; Role of Natural Gas in Ontario&#8217;s Energy System and Economy (ERO # 019-9501)<\/a><\/p>\n<p><a href=\"https:\/\/igua.ca\/wp-content\/uploads\/2025\/07\/IGUA-MOEE-IERP-Submission-12.13.24-FINAL.pdf\">December 13, 2024 &#8211; Integrated Energy Resource Plan Consultation (ERO # 019-9285)<\/a><\/p>\n<p><a href=\"https:\/\/igua.ca\/wp-content\/uploads\/2025\/07\/IGUA-Low-Carbon-Hydrogen-Submission-12.13.24-FINAL.pdf\">December 13, 2024 &#8211; Proposed Stakeholder Consultations for Renewing the Ontario Low-Carbon Hydrogen Strategy (ERO # 019-9324)<\/a><\/p>\n<p><a href=\"https:\/\/igua.ca\/wp-content\/uploads\/2024\/10\/REGULA1.pdf\">August 23, 2024 &#8211; Regulating Commercial-Scale Geologic Carbon Storage Projects in Ontario (ERO # 019-8767)<\/a><\/p>\n<p><a href=\"https:\/\/igua.ca\/wp-content\/uploads\/2024\/10\/MOE-Leave-to-Construct-Submisssion-05.17.24.pdf\">May 17, 2024 &#8211; Proposed Regulations Under the Ontario Energy Board Act, 1998 to Support Building Homes and Transit Faster by Prescribing Conditions for Fast-Tracking Approval of Certain Small Energy Infrastructure Projects (ERO # 019-8562)<\/a><\/p>\n<p><a href=\"https:\/\/igua.ca\/wp-content\/uploads\/2024\/04\/IGUA-Submission-Keeping-Energy-Cost-Down-Act-Bill-165.pdf\">April 7, 2024 &#8211; Proposed Amendments to the Ontario Energy Board Act, 1998 to provide the government with the authority to ensure fair and informed decision-making at the OEB to foster affordable communities (ERO # 019-8307)<\/a><\/p>\n<p><a href=\"https:\/\/igua.ca\/wp-content\/uploads\/2024\/04\/EPS-Amendments-ERO-019-7649-FINAL.pdf\">January 15, 2024 &#8211; Regulatory Amendments to Clarify Program Requirements and Improve Program Efficiency for Emissions Performance Standards (EPS) and GHG Reporting Programs (ERO # 019-7649)<\/a><\/p>\n<p><a href=\"https:\/\/igua.ca\/wp-content\/uploads\/2023\/09\/IGUA-to-EETP-Open-Call-for-Written-Submissions-2023-1.pdf\">June 30, 2023 &#8211; Open Call for Written Submissions 2023 &#8211; Comments<\/a><\/p>\n<p><a href=\"https:\/\/igua.ca\/wp-content\/uploads\/2023\/09\/IGUATO1.pdf\">May 18, 2023 &#8211; Proposed amendments to the Oil, Gas and Salt Resources Act &#8211; Response to (ERO # 019-6752)<\/a><\/p>\n<p><a href=\"https:\/\/igua.ca\/wp-content\/uploads\/2023\/09\/2023-05-11-IESO-Pathways-to-Decarbonization-Study.pdf\">May 11, 2023 &#8211; IESO&#8217;s Pathways to Decarbonization (P2D) Study &#8211; Response (ERO # 019-6647)<\/a><\/p>\n<p><a href=\"https:\/\/igua.ca\/wp-content\/uploads\/2023\/09\/2023-03-30-Letter-to-Minister-Piccini-of-ECP.pdf\">March 30, 2023 &#8211; Emissions Performance Standards (EPS) Program<\/a><\/p>\n<p><a href=\"https:\/\/igua.ca\/wp-content\/uploads\/2023\/09\/2022-10-10-IGUA-Submission-on-EPS-Amendments.pdf\">October 10, 2022 &#8211; Emission Performance Standards (EPS) Program Regulatory Amendments for the 2023-2030 Period (ERO # 019-5769)<\/a><\/p>\n<p><a href=\"https:\/\/igua.ca\/wp-content\/uploads\/2022\/04\/2022-03-14-Geologic-Carbon-Storage-in-Ontario.pdf\">March 14, 2022 &#8211; IGUA Submission to Environmental Registry of Ontario on Geological Carbon Storage in Ontario (ERO # 019-4770)<\/a><\/p>\n<p><a href=\"https:\/\/igua.ca\/wp-content\/uploads\/2022\/04\/2022-01-28-IGUA-Response-to-OBPS-Consultations.pdf\">January 28, 2022 &#8211; IGUA Submission to ECCC on the Consultation Paper on the Federal Review of the OPBS Regulations<\/a><\/p>\n<p><a href=\"https:\/\/igua.ca\/wp-content\/uploads\/2022\/04\/2021-11-03-OEB-IRP-Cover-Letter.pdf\">November 8, 2021 &#8211; Integrated Resource Planning Technical Working Group Call for Nominations for Non-Utility Members (EB-2021-0246)<\/a><\/p>\n<p><a href=\"https:\/\/igua.ca\/wp-content\/uploads\/2021\/08\/2021-08-30-FINAL-Leave-to-Construct-Cost-Threshold-for-Hydrocarbon-Pipelines.pdf\">August 26, 2021 &#8211; Proposed Change to Ontario Regulation 328\/03 &#8211; Leave to Construct Cost Threshold for Hydrocarbon Pipelines (ERO # 019-4029)<\/a><\/p>\n<p><a href=\"https:\/\/igua.ca\/wp-content\/uploads\/2021\/08\/ERO-019-3719-IGUA-Submission-Final.pdf\">July 11, 2021 &#8211; Amendments to support transition and implementation of Ontario&#8217;s Emissions Performance Standards Program (ERO # 019-3719)<\/a><\/p>\n<p><a href=\"https:\/\/igua.ca\/wp-content\/uploads\/2021\/05\/ERO-019-3014-April-27-2021.pdf\">April 27, 2021 &#8211; Proposed Revision to Ontario Energy Board (OEB) Leave to Construct Cost Threshold for Hydrocarbon Pipelines (ERO # 019-3041)<\/a><\/p>\n<p><a href=\"https:\/\/igua.ca\/wp-content\/uploads\/2021\/05\/ERO-019-3007-April-26-2021.pdf\">April 26, 2021 &#8211; Ontario&#8217;s Ministry of Energy, Northern Development and Mines (ENDM) Proposal to Review Ontario&#8217;s long-term energy planning framework with a view to implementing a new, more transparent, predictable, and reliable planning process &#8211; Comments (ERO # 019-3007)<\/a><\/p>\n<p><a href=\"https:\/\/igua.ca\/wp-content\/uploads\/2021\/05\/ERO-019-3191-April-8-2021.pdf\">April 8, 2021 &#8211; Phase 2 of the Natural Gas Expansion Program &#8211; Comments (ERO # 019-3191)<\/a><\/p>\n<p><a href=\"https:\/\/igua.ca\/wp-content\/uploads\/2021\/05\/ERO-019-2813-January-15-2021.pdf\">January 15, 2021 &#8211; Amendments to transition Ontario industrial facilities from the federal Output-Based Pricing System to Ontario&#8217;s Emissions Performance Standards program &#8211; Comments (ERO # 019-2813)<\/a><\/p>\n\t\t\t\t<img decoding=\"async\" src=\"https:\/\/igua.ca\/wp-content\/uploads\/2022\/04\/Canada-Flag.png\" alt=\"Canada Flag\" itemprop=\"image\" height=\"128\" width=\"255\" title=\"Canada Flag\" onerror=\"this.style.display='none'\" class=\"no-lazyload\" \/>\n\t\t<h2>\n\t\t\tIGUA Submissions to the Government of Canada\n\t\t<\/h2>\n\t\t\t\t\t<a href=\"#\" id=\"fl-accordion--label-0\" tabindex=\"0\" aria-controls=\"fl-accordion--panel-0\">Cliquez-ici pour t\u00e9l\u00e9charger les PDFs<\/a>\n\t\t\t\t\t\t\t\t\t\t\t<a href=\"#\" id=\"fl-accordion--icon-0\" tabindex=\"0\" aria-controls=\"fl-accordion--panel-0\"><i>Expand<\/i><\/a>\n\t\t\t\t\t<p><a href=\"https:\/\/igua.ca\/wp-content\/uploads\/2025\/10\/Federal-CER-IGUA-Letter-FINAL-07.17.25.pdf\">July 17, 2025 &#8211; Federal Clean Energy Strategy (FCES) &#8211; Role of Natural Gas in Canada ans Industrial Competitiveness<\/a><\/p>\n<p><a href=\"https:\/\/igua.ca\/wp-content\/uploads\/2025\/10\/IGUA-Federal-Industrial-Carbon-Policy-Letter-25JUN2025.pdf\">June 25, 2025 &#8211; Federal Industrial Cardon Policy &#8211; Competitiveness Concerns<\/a><\/p>\n<p><a href=\"https:\/\/igua.ca\/wp-content\/uploads\/2025\/10\/AMPCO-CME-IGUA-Joint-Letter-Hon-Julie-Dabrusin-13.06.25.pdf\">June 13, 2025 &#8211; Remove the Carbon Tax from Electricity Bills and to Review the Output-Based Pricing System (OBPS)<\/a><\/p>\n<p><a href=\"https:\/\/igua.ca\/wp-content\/uploads\/2023\/09\/Letter-from-IGUA-for-NZAB-Final.pdf\">February 1, 2023 &#8211; Industrial Gas Users Association and the Net-Zero Advisory Body<\/a><\/p>\n<p><a href=\"https:\/\/igua.ca\/wp-content\/uploads\/2022\/04\/2022-02-18IGUA-Response-to-Federal-Offset-Consultation.pdf\">February 18, 2022 &#8211; Industrial Gas Users Association (IGUA) Comments on the Draft Federal Offset Protocol: Landfill Methane Recovery and Destruction<\/a><\/p>\n<p><a href=\"https:\/\/igua.ca\/wp-content\/uploads\/2022\/04\/2022-01-31-IGUA_Submission-_Consultation-on-Border-carbon-adjustments.pdf\">January 31, 2022 &#8211; Commentaires de l&#8217;Association des consommateurs industriels de gaz (ACIG) sur les ajustements \u00e0 la fronti\u00e8re pour le carbone<\/a><\/p>\n<p><a href=\"https:\/\/igua.ca\/wp-content\/uploads\/2022\/04\/2022-01-28-IGUA-Response-to-OBPS-Consultations-1.pdf\">January 28, 2022 &#8211; Industrial Gas Users Association (IGUA) Submission to Environment and Climate Change Canada (ECCC) on the Consultation Paper on the Federal Review of the Output-Based Pricing System (OBPS) Regulations<\/a><\/p>\n\t\t<h2>\n\t\t\tT\u00c9MOIGNAGE\n\t\t<\/h2>\n\t\t\t\t<img decoding=\"async\" src=\"https:\/\/igua.ca\/wp-content\/uploads\/2020\/08\/ts.png\" alt=\"Industrial Gas Users Association | l'Association Des Consommateurs Industriels De Gaz\" title=\"Industrial Gas Users Association | l'Association Des Consommateurs Industriels De Gaz\" itemprop=\"image\" class=\"no-lazyload\" \/>\n\t\t\t\t\t\t\t<p>&#8220;With the roll-out of the Ontario Cap and Trade program (now defunct), IGUA was quick to arrange a customer meeting with the Minister of Environment Climate Change and his staff. I felt the round table discussion was constructive, ultimately resulting in favourable amendments.&#8221;<\/p>\t\t\t\t\t\t\n\t\t\t\t\t\t\t\t&#8211; Nathan La Rocque, Energy Manager, North America INEOS Styrolution \t\t\t\t\t\t\t\t\n\t\t\t\t<img decoding=\"async\" src=\"https:\/\/igua.ca\/wp-content\/uploads\/2020\/08\/ts.png\" alt=\"Industrial Gas Users Association | l'Association Des Consommateurs Industriels De Gaz\" title=\"Industrial Gas Users Association | l'Association Des Consommateurs Industriels De Gaz\" itemprop=\"image\" class=\"no-lazyload\" \/>\n\t\t\t\t\t\t\t<p>&#8220;IGUA successfully negotiated a change in the treatment of cogen in Ontario&#8217;s (now defunct) cap and trade regulations that brought me savings of $20,000\/MW of cogen capacity.&#8221; <\/p>\t\t\t\t\t\t\n\t\t\t\t\t\t\t\t&#8211; Dereck Francis, Manager Energy Procurement East, Suncor Energy\t\t\t\t\t\t\t\t\n\t\t\t\t<img decoding=\"async\" src=\"https:\/\/igua.ca\/wp-content\/uploads\/2020\/08\/ts.png\" alt=\"Industrial Gas Users Association | l'Association Des Consommateurs Industriels De Gaz\" title=\"Industrial Gas Users Association | l'Association Des Consommateurs Industriels De Gaz\" itemprop=\"image\" class=\"no-lazyload\" \/>\n\t\t\t\t\t\t\t<p>&#8220;The added costs associated with delivering at Parkway had been a long-standing issue for Sarnia based industrials. IGUA took this issue to the OEB and successfully negotiated the &#8220;Parkway Delivery Credit&#8221;, a fair solution which has saved large industrials significant dollars in transportation costs for several years.&#8221; <\/p>\t\t\t\t\t\t\n\t\t\t\t\t\t\t\t&#8211; Dereck Francis, Energy Procurement, Suncor Energy","protected":false},"excerpt":{"rendered":"<p>PROJECTING LARGE CONSUMER PERSPECTIVE IN ENERGY AND CLIMATE DISCOURSE IGUA advocates with provincial and federal governments on policy issues that impact reliable access to natural gas at a competitive price.&hellip;<\/p>","protected":false},"author":1,"featured_media":0,"parent":0,"menu_order":0,"comment_status":"closed","ping_status":"closed","template":"","meta":{"_coblocks_attr":"","_coblocks_dimensions":"","_coblocks_responsive_height":"","_coblocks_accordion_ie_support":"","pmpro_default_level":"","_price":"","_stock":"","_tribe_ticket_header":"","_tribe_default_ticket_provider":"","_tribe_ticket_capacity":"0","_ticket_start_date":"","_ticket_end_date":"","_tribe_ticket_show_description":"","_tribe_ticket_show_not_going":false,"_tribe_ticket_use_global_stock":"","_tribe_ticket_global_stock_level":"","_global_stock_mode":"","_global_stock_cap":"","_tribe_rsvp_for_event":"","_tribe_ticket_going_count":"","_tribe_ticket_not_going_count":"","_tribe_tickets_list":"[]","_tribe_ticket_has_attendee_info_fields":false,"footnotes":"","_tec_slr_enabled":"","_tec_slr_layout":""},"class_list":["post-14","page","type-page","status-publish","hentry","pmpro-has-access"],"yoast_head":"<!-- This site is optimized with the Yoast SEO plugin v27.5 - https:\/\/yoast.com\/product\/yoast-seo-wordpress\/ -->\n<title>IGUA Policy Advocacy - Industrial Gas Users Association<\/title>\n<meta name=\"description\" content=\"Explore the page of the Industrial Gas Users Association to discover more about our policy advocacy on natural gas research. Contact us.\" \/>\n<meta name=\"robots\" content=\"index, follow, max-snippet:-1, max-image-preview:large, max-video-preview:-1\" \/>\n<link rel=\"canonical\" href=\"https:\/\/igua.ca\/fr\/policy-advocacy\/\" \/>\n<meta property=\"og:locale\" content=\"fr_FR\" \/>\n<meta property=\"og:type\" content=\"article\" \/>\n<meta property=\"og:title\" content=\"IGUA Policy Advocacy - Industrial Gas Users Association\" \/>\n<meta property=\"og:description\" content=\"Explore the page of the Industrial Gas Users Association to discover more about our policy advocacy on natural gas research. Contact us.\" \/>\n<meta property=\"og:url\" content=\"https:\/\/igua.ca\/fr\/policy-advocacy\/\" \/>\n<meta property=\"og:site_name\" content=\"Industrial Gas Users Association | l\u2019Association Des Consommateurs Industriels De Gaz\" \/>\n<meta property=\"article:modified_time\" content=\"2025-12-11T17:42:12+00:00\" \/>\n<meta property=\"og:image\" content=\"https:\/\/igua.ca\/wp-content\/uploads\/2021\/08\/Environmental-Registry-of-Ontario-1.png\" \/>\n<meta name=\"twitter:card\" content=\"summary_large_image\" \/>\n<meta name=\"twitter:label1\" content=\"Dur\u00e9e de lecture estim\u00e9e\" \/>\n\t<meta name=\"twitter:data1\" content=\"4 minutes\" \/>\n<script type=\"application\/ld+json\" class=\"yoast-schema-graph\">{\"@context\":\"https:\\\/\\\/schema.org\",\"@graph\":[{\"@type\":\"WebPage\",\"@id\":\"https:\\\/\\\/igua.ca\\\/policy-advocacy\\\/\",\"url\":\"https:\\\/\\\/igua.ca\\\/policy-advocacy\\\/\",\"name\":\"IGUA Policy Advocacy - Industrial Gas Users Association\",\"isPartOf\":{\"@id\":\"https:\\\/\\\/igua.ca\\\/#website\"},\"primaryImageOfPage\":{\"@id\":\"https:\\\/\\\/igua.ca\\\/policy-advocacy\\\/#primaryimage\"},\"image\":{\"@id\":\"https:\\\/\\\/igua.ca\\\/policy-advocacy\\\/#primaryimage\"},\"thumbnailUrl\":\"https:\\\/\\\/igua.ca\\\/wp-content\\\/uploads\\\/2021\\\/08\\\/Environmental-Registry-of-Ontario-1.png\",\"datePublished\":\"2020-08-03T04:19:29+00:00\",\"dateModified\":\"2025-12-11T17:42:12+00:00\",\"description\":\"Explore the page of the Industrial Gas Users Association to discover more about our policy advocacy on natural gas research. Contact us.\",\"breadcrumb\":{\"@id\":\"https:\\\/\\\/igua.ca\\\/policy-advocacy\\\/#breadcrumb\"},\"inLanguage\":\"fr-FR\",\"potentialAction\":[{\"@type\":\"ReadAction\",\"target\":[\"https:\\\/\\\/igua.ca\\\/policy-advocacy\\\/\"]}]},{\"@type\":\"ImageObject\",\"inLanguage\":\"fr-FR\",\"@id\":\"https:\\\/\\\/igua.ca\\\/policy-advocacy\\\/#primaryimage\",\"url\":\"https:\\\/\\\/igua.ca\\\/wp-content\\\/uploads\\\/2021\\\/08\\\/Environmental-Registry-of-Ontario-1.png\",\"contentUrl\":\"https:\\\/\\\/igua.ca\\\/wp-content\\\/uploads\\\/2021\\\/08\\\/Environmental-Registry-of-Ontario-1.png\"},{\"@type\":\"BreadcrumbList\",\"@id\":\"https:\\\/\\\/igua.ca\\\/policy-advocacy\\\/#breadcrumb\",\"itemListElement\":[{\"@type\":\"ListItem\",\"position\":1,\"name\":\"Home\",\"item\":\"https:\\\/\\\/igua.ca\\\/\"},{\"@type\":\"ListItem\",\"position\":2,\"name\":\"Policy Advocacy\"}]},{\"@type\":\"WebSite\",\"@id\":\"https:\\\/\\\/igua.ca\\\/#website\",\"url\":\"https:\\\/\\\/igua.ca\\\/\",\"name\":\"Industrial Gas Users Association | l\u2019Association Des Consommateurs Industriels De Gaz\",\"description\":\"\",\"potentialAction\":[{\"@type\":\"SearchAction\",\"target\":{\"@type\":\"EntryPoint\",\"urlTemplate\":\"https:\\\/\\\/igua.ca\\\/?s={search_term_string}\"},\"query-input\":{\"@type\":\"PropertyValueSpecification\",\"valueRequired\":true,\"valueName\":\"search_term_string\"}}],\"inLanguage\":\"fr-FR\"}]}<\/script>\n<!-- \/ Yoast SEO plugin. -->","yoast_head_json":{"title":"IGUA Policy Advocacy - Industrial Gas Users Association","description":"Explore the page of the Industrial Gas Users Association to discover more about our policy advocacy on natural gas research. Contact us.","robots":{"index":"index","follow":"follow","max-snippet":"max-snippet:-1","max-image-preview":"max-image-preview:large","max-video-preview":"max-video-preview:-1"},"canonical":"https:\/\/igua.ca\/fr\/policy-advocacy\/","og_locale":"fr_FR","og_type":"article","og_title":"IGUA Policy Advocacy - Industrial Gas Users Association","og_description":"Explore the page of the Industrial Gas Users Association to discover more about our policy advocacy on natural gas research. Contact us.","og_url":"https:\/\/igua.ca\/fr\/policy-advocacy\/","og_site_name":"Industrial Gas Users Association | l\u2019Association Des Consommateurs Industriels De Gaz","article_modified_time":"2025-12-11T17:42:12+00:00","og_image":[{"url":"https:\/\/igua.ca\/wp-content\/uploads\/2021\/08\/Environmental-Registry-of-Ontario-1.png","type":"","width":"","height":""}],"twitter_card":"summary_large_image","twitter_misc":{"Dur\u00e9e de lecture estim\u00e9e":"4 minutes"},"schema":{"@context":"https:\/\/schema.org","@graph":[{"@type":"WebPage","@id":"https:\/\/igua.ca\/policy-advocacy\/","url":"https:\/\/igua.ca\/policy-advocacy\/","name":"IGUA Policy Advocacy - Industrial Gas Users Association","isPartOf":{"@id":"https:\/\/igua.ca\/#website"},"primaryImageOfPage":{"@id":"https:\/\/igua.ca\/policy-advocacy\/#primaryimage"},"image":{"@id":"https:\/\/igua.ca\/policy-advocacy\/#primaryimage"},"thumbnailUrl":"https:\/\/igua.ca\/wp-content\/uploads\/2021\/08\/Environmental-Registry-of-Ontario-1.png","datePublished":"2020-08-03T04:19:29+00:00","dateModified":"2025-12-11T17:42:12+00:00","description":"Explore the page of the Industrial Gas Users Association to discover more about our policy advocacy on natural gas research. Contact us.","breadcrumb":{"@id":"https:\/\/igua.ca\/policy-advocacy\/#breadcrumb"},"inLanguage":"fr-FR","potentialAction":[{"@type":"ReadAction","target":["https:\/\/igua.ca\/policy-advocacy\/"]}]},{"@type":"ImageObject","inLanguage":"fr-FR","@id":"https:\/\/igua.ca\/policy-advocacy\/#primaryimage","url":"https:\/\/igua.ca\/wp-content\/uploads\/2021\/08\/Environmental-Registry-of-Ontario-1.png","contentUrl":"https:\/\/igua.ca\/wp-content\/uploads\/2021\/08\/Environmental-Registry-of-Ontario-1.png"},{"@type":"BreadcrumbList","@id":"https:\/\/igua.ca\/policy-advocacy\/#breadcrumb","itemListElement":[{"@type":"ListItem","position":1,"name":"Home","item":"https:\/\/igua.ca\/"},{"@type":"ListItem","position":2,"name":"Policy Advocacy"}]},{"@type":"WebSite","@id":"https:\/\/igua.ca\/#website","url":"https:\/\/igua.ca\/","name":"Industrial Gas Users Association | l\u2019Association Des Consommateurs Industriels De Gaz","description":"","potentialAction":[{"@type":"SearchAction","target":{"@type":"EntryPoint","urlTemplate":"https:\/\/igua.ca\/?s={search_term_string}"},"query-input":{"@type":"PropertyValueSpecification","valueRequired":true,"valueName":"search_term_string"}}],"inLanguage":"fr-FR"}]}},"ticketed":false,"_links":{"self":[{"href":"https:\/\/igua.ca\/fr\/wp-json\/wp\/v2\/pages\/14","targetHints":{"allow":["GET"]}}],"collection":[{"href":"https:\/\/igua.ca\/fr\/wp-json\/wp\/v2\/pages"}],"about":[{"href":"https:\/\/igua.ca\/fr\/wp-json\/wp\/v2\/types\/page"}],"author":[{"embeddable":true,"href":"https:\/\/igua.ca\/fr\/wp-json\/wp\/v2\/users\/1"}],"replies":[{"embeddable":true,"href":"https:\/\/igua.ca\/fr\/wp-json\/wp\/v2\/comments?post=14"}],"version-history":[{"count":5,"href":"https:\/\/igua.ca\/fr\/wp-json\/wp\/v2\/pages\/14\/revisions"}],"predecessor-version":[{"id":2298,"href":"https:\/\/igua.ca\/fr\/wp-json\/wp\/v2\/pages\/14\/revisions\/2298"}],"wp:attachment":[{"href":"https:\/\/igua.ca\/fr\/wp-json\/wp\/v2\/media?parent=14"}],"curies":[{"name":"wp","href":"https:\/\/api.w.org\/{rel}","templated":true}]}}